{"id":3087,"date":"2023-06-22T10:20:49","date_gmt":"2023-06-22T10:20:49","guid":{"rendered":"https:\/\/www.psaierenergies.it\/benvenuti-nel-futuro-della-ricarica-green-energy\/"},"modified":"2025-01-31T10:47:54","modified_gmt":"2025-01-31T10:47:54","slug":"benvenuti-nel-futuro-della-ricarica-green-energy","status":"publish","type":"page","link":"https:\/\/www.psaierenergies.it\/it\/benvenuti-nel-futuro-della-ricarica-green-energy\/","title":{"rendered":"Benvenuti nel futuro della ricarica Green Energy!"},"content":{"rendered":"\n<figure class=\"wp-block-embed alignfull is-type-video is-provider-vimeo wp-block-embed-vimeo wp-embed-aspect-16-9 wp-has-aspect-ratio\"><div class=\"wp-block-embed__wrapper\">\n<iframe loading=\"lazy\" title=\"Stazioni di ricarica innovative Psaier.energies\" src=\"https:\/\/player.vimeo.com\/video\/855007202?dnt=1&amp;app_id=122963\" width=\"1000\" height=\"563\" frameborder=\"0\" allow=\"autoplay; fullscreen; picture-in-picture; clipboard-write\"><\/iframe>\n<\/div><\/figure>\n\n\n\n<p><\/p>\n\n\n\n<p><\/p>\n\n\n\n<p><\/p>\n\n\n\n<p><\/p>\n\n\n\n<p class=\"has-text-align-left has-x-large-font-size\"><strong>Stazioni di ricarica per macchine elettriche aziendali &#8211; Approvvigionamento energetico efficiente per le vostre macchine elettriche<\/strong> <\/p>\n\n\n\n<p><\/p>\n\n\n<div class=\"wp-block-image\">\n<figure class=\"aligncenter size-large\"><img loading=\"lazy\" decoding=\"async\" width=\"1024\" height=\"576\" src=\"https:\/\/www.psaierenergies.it\/wp-content\/uploads\/2023\/08\/ITA-Unsere-revolutionare-Ladeinfrastruktur-1024x576.jpg\" alt=\"\" class=\"wp-image-3362\" srcset=\"https:\/\/www.psaierenergies.it\/wp-content\/uploads\/2023\/08\/ITA-Unsere-revolutionare-Ladeinfrastruktur-1024x576.jpg 1024w, https:\/\/www.psaierenergies.it\/wp-content\/uploads\/2023\/08\/ITA-Unsere-revolutionare-Ladeinfrastruktur-300x169.jpg 300w, https:\/\/www.psaierenergies.it\/wp-content\/uploads\/2023\/08\/ITA-Unsere-revolutionare-Ladeinfrastruktur-768x432.jpg 768w, https:\/\/www.psaierenergies.it\/wp-content\/uploads\/2023\/08\/ITA-Unsere-revolutionare-Ladeinfrastruktur-1536x864.jpg 1536w, https:\/\/www.psaierenergies.it\/wp-content\/uploads\/2023\/08\/ITA-Unsere-revolutionare-Ladeinfrastruktur.jpg 1920w\" sizes=\"auto, (max-width: 1024px) 100vw, 1024px\" \/><\/figure>\n<\/div>\n\n\n<p><\/p>\n\n\n\n<p class=\"has-text-align-center\"><a href=\"https:\/\/www.canva.com\/design\/DAFrgRdh2sM\/DnVSeo6mQmhlpblkwoAZCA\/view?website#2\" target=\"_blank\" rel=\"noreferrer noopener\">Visualizza Sito Web<\/a><\/p>\n\n\n\n<p><\/p>\n\n\n\n<p><\/p>\n\n\n\n<figure class=\"wp-block-pullquote has-medium-font-size\"><blockquote><p>Le nostre innovative stazioni di ricarica per veicoli elettrici stabiliscono nuovi standard in termini di autonomia, affidabilit\u00e0 e prestazioni. Puntiamo al futuro della mobilit\u00e0 elettrica e il nostro obiettivo principale \u00e8 garantire un&#8217;esperienza di guida continua grazie a colonnine di ricarica sempre pi\u00f9 efficienti. <\/p><\/blockquote><\/figure>\n\n\n\n<p><\/p>\n\n\n\n<p><\/p>\n\n\n\n<figure class=\"wp-block-image alignfull size-large\"><img loading=\"lazy\" decoding=\"async\" width=\"1024\" height=\"435\" src=\"https:\/\/www.psaierenergies.it\/wp-content\/uploads\/2024\/01\/img_o3-3-1024x435.png\" alt=\"\" class=\"wp-image-4984\" srcset=\"https:\/\/www.psaierenergies.it\/wp-content\/uploads\/2024\/01\/img_o3-3-1024x435.png 1024w, https:\/\/www.psaierenergies.it\/wp-content\/uploads\/2024\/01\/img_o3-3-300x128.png 300w, https:\/\/www.psaierenergies.it\/wp-content\/uploads\/2024\/01\/img_o3-3-768x327.png 768w, https:\/\/www.psaierenergies.it\/wp-content\/uploads\/2024\/01\/img_o3-3-1536x653.png 1536w, https:\/\/www.psaierenergies.it\/wp-content\/uploads\/2024\/01\/img_o3-3.png 1693w\" sizes=\"auto, (max-width: 1024px) 100vw, 1024px\" \/><\/figure>\n\n\n\n<p><\/p>\n\n\n\n<p><\/p>\n\n\n\n<p class=\"has-x-large-font-size\"><strong>Cosa rende le nostre colonnine di ricarica per auto elettriche cos\u00ec speciali? <\/strong><\/p>\n\n\n\n<p class=\"has-medium-font-size\">La combinazione di energia rinnovabile e tecnologia all&#8217;avanguardia. Le nostre stazioni di ricarica sono alimentate da fonti rinnovabili ad alte prestazioni che forniscono la massima potenza, sempre e ovunque. Anche in assenza di infrastrutture di rete, potete contare sulle nostre colonnine di ricarica per ottenere l&#8217;energia di cui avete bisogno. E la parte migliore? Si gestiscono nel pieno rispetto dell&#8217;ambiente, senza causare emissioni inquinanti nell&#8217;aria.<\/p>\n\n\n\n<p><\/p>\n\n\n\n<figure class=\"wp-block-pullquote has-medium-font-size\"><blockquote><p>I nostri punti di ricarica sono accessibili sempre ed ovunque e sono situati in posizioni ottimali. <\/p><\/blockquote><\/figure>\n\n\n\n<p class=\"has-medium-font-size\"><br><\/p>\n\n\n\n<p class=\"has-medium-font-size\">Che si tratti di un lungo viaggio o di ricaricare il proprio veicolo elettrico per gli spostamenti quotidiani, le nostre stazioni di ricarica sono sempre a disposizione. Grazie a un&#8217;App digitale, potete individuare facilmente dove sono le stazioni di ricarica e trovare punti liberi per ricaricare il vostro veicolo. Nessuna attesa, nessuna preoccupazione: avete il pieno controllo della vostra esperienza di ricarica.<\/p>\n\n\n\n<p class=\"has-medium-font-size\">E poi ci sono le prestazioni elevate dei nostri punti di ricarica. Sappiamo che il vostro tempo \u00e8 prezioso, quindi abbiamo fatto in modo che i nostri punti di ricarica ricarichino il vostro veicolo il pi\u00f9 rapidamente possibile. Grazie alla nostra tecnologia avanzata, potrete tornare in strada in pochissimo tempo, pronti per la vostra prossima avventura.<\/p>\n\n\n\n<p><\/p>\n\n\n\n<p><\/p>\n\n\n\n<p class=\"has-x-large-font-size\">Tracciate anche voi il futuro e provate i vantaggi delle nostre stazioni di ricarica per macchine elettriche.<strong> <\/strong><\/p>\n\n\n\n<p><\/p>\n\n\n\n<p>Desiderate ricevere ulteriori informazioni sulle nostre stazioni di ricarica <strong>per macchine elettriche e sui loro vantaggi? <\/strong><\/p>\n\n\n\n<p>Mettetevi in contatto con noi e scoprite come potete approfittare della nostra moderna infrastruttura di ricarica. Siamo a vostra disposizione.<\/p>\n\n\n\n<div class=\"wp-block-group alignfull has-white-color has-dark-gray-background-color has-text-color has-background has-link-color wp-elements-2af1836d33191d79fc995d299718afb1\" style=\"margin-top:0px;margin-bottom:0px;padding-top:6.9vw;padding-bottom:7vw\"><div class=\"wp-block-group__inner-container is-layout-constrained wp-block-group-is-layout-constrained\">\n<div class=\"wp-block-columns alignwide is-layout-flex wp-container-core-columns-is-layout-9d6595d7 wp-block-columns-is-layout-flex\">\n<div class=\"wp-block-column is-layout-flow wp-block-column-is-layout-flow\" style=\"flex-basis:20%\">\n<h3 class=\"wp-block-heading has-white-color has-text-color has-medium-font-size\"><span class=\"uppercase\">Supercharger Station<\/span><\/h3>\n<\/div>\n\n\n\n<div class=\"wp-block-column is-layout-flow wp-block-column-is-layout-flow\" style=\"flex-basis:80%\">\n<div class=\"wp-block-columns is-layout-flex wp-container-core-columns-is-layout-9d6595d7 wp-block-columns-is-layout-flex\">\n<div class=\"wp-block-column is-layout-flow wp-block-column-is-layout-flow\">\n<figure class=\"wp-block-image size-full\"><img loading=\"lazy\" decoding=\"async\" width=\"875\" height=\"656\" src=\"https:\/\/www.psaierenergies.it\/wp-content\/uploads\/2024\/03\/Foto015.png\" alt=\"\" class=\"wp-image-5800\" srcset=\"https:\/\/www.psaierenergies.it\/wp-content\/uploads\/2024\/03\/Foto015.png 875w, https:\/\/www.psaierenergies.it\/wp-content\/uploads\/2024\/03\/Foto015-300x225.png 300w, https:\/\/www.psaierenergies.it\/wp-content\/uploads\/2024\/03\/Foto015-768x576.png 768w\" sizes=\"auto, (max-width: 875px) 100vw, 875px\" \/><\/figure>\n\n\n\n<p class=\"has-white-color has-text-color\" style=\"font-size:18px\"><\/p>\n\n\n\n<p><\/p>\n\n\n\n<figure class=\"wp-block-image size-full\"><img loading=\"lazy\" decoding=\"async\" width=\"875\" height=\"656\" src=\"https:\/\/www.psaierenergies.it\/wp-content\/uploads\/2024\/03\/Foto04-1.png\" alt=\"\" class=\"wp-image-5829\" srcset=\"https:\/\/www.psaierenergies.it\/wp-content\/uploads\/2024\/03\/Foto04-1.png 875w, https:\/\/www.psaierenergies.it\/wp-content\/uploads\/2024\/03\/Foto04-1-300x225.png 300w, https:\/\/www.psaierenergies.it\/wp-content\/uploads\/2024\/03\/Foto04-1-768x576.png 768w\" sizes=\"auto, (max-width: 875px) 100vw, 875px\" \/><\/figure>\n\n\n\n<p class=\"has-white-color has-text-color has-medium-font-size\"><\/p>\n\n\n\n<figure class=\"wp-block-image size-full\"><img loading=\"lazy\" decoding=\"async\" width=\"656\" height=\"492\" src=\"https:\/\/www.psaierenergies.it\/wp-content\/uploads\/2023\/06\/Foto06-1.png\" alt=\"\" class=\"wp-image-3017\" srcset=\"https:\/\/www.psaierenergies.it\/wp-content\/uploads\/2023\/06\/Foto06-1.png 656w, https:\/\/www.psaierenergies.it\/wp-content\/uploads\/2023\/06\/Foto06-1-300x225.png 300w\" sizes=\"auto, (max-width: 656px) 100vw, 656px\" \/><\/figure>\n<\/div>\n\n\n\n<div class=\"wp-block-column is-layout-flow wp-block-column-is-layout-flow\">\n<figure class=\"wp-block-image size-full\"><img loading=\"lazy\" decoding=\"async\" width=\"656\" height=\"492\" src=\"https:\/\/www.psaierenergies.it\/wp-content\/uploads\/2023\/06\/Foto09.png\" alt=\"\" class=\"wp-image-3023\" srcset=\"https:\/\/www.psaierenergies.it\/wp-content\/uploads\/2023\/06\/Foto09.png 656w, https:\/\/www.psaierenergies.it\/wp-content\/uploads\/2023\/06\/Foto09-300x225.png 300w\" sizes=\"auto, (max-width: 656px) 100vw, 656px\" \/><\/figure>\n\n\n\n<p><\/p>\n\n\n\n<p><\/p>\n\n\n\n<figure class=\"wp-block-image size-full\"><img loading=\"lazy\" decoding=\"async\" width=\"875\" height=\"656\" src=\"https:\/\/www.psaierenergies.it\/wp-content\/uploads\/2024\/03\/Foto07.png\" alt=\"\" class=\"wp-image-5806\" srcset=\"https:\/\/www.psaierenergies.it\/wp-content\/uploads\/2024\/03\/Foto07.png 875w, https:\/\/www.psaierenergies.it\/wp-content\/uploads\/2024\/03\/Foto07-300x225.png 300w, https:\/\/www.psaierenergies.it\/wp-content\/uploads\/2024\/03\/Foto07-768x576.png 768w\" sizes=\"auto, (max-width: 875px) 100vw, 875px\" \/><\/figure>\n\n\n\n<p class=\"has-white-color has-text-color has-medium-font-size\"><\/p>\n\n\n\n<figure class=\"wp-block-image size-full\"><img loading=\"lazy\" decoding=\"async\" width=\"875\" height=\"656\" src=\"https:\/\/www.psaierenergies.it\/wp-content\/uploads\/2024\/03\/Foto05.png\" alt=\"\" class=\"wp-image-5810\" srcset=\"https:\/\/www.psaierenergies.it\/wp-content\/uploads\/2024\/03\/Foto05.png 875w, https:\/\/www.psaierenergies.it\/wp-content\/uploads\/2024\/03\/Foto05-300x225.png 300w, https:\/\/www.psaierenergies.it\/wp-content\/uploads\/2024\/03\/Foto05-768x576.png 768w\" sizes=\"auto, (max-width: 875px) 100vw, 875px\" \/><\/figure>\n\n\n\n<p class=\"has-white-color has-text-color has-medium-font-size\"><\/p>\n\n\n\n<p class=\"has-white-color has-text-color has-medium-font-size\"><figure class=\"wp-block-image size-full\"><\/figure><\/p>\n<\/div>\n<\/div>\n<\/div>\n<\/div>\n<\/div><\/div>\n\n\n\n<div class=\"wp-block-group alignfull has-white-color has-dark-gray-background-color has-text-color has-background has-link-color wp-elements-3e2b9aca430df2fd74cd6c31ce6b1a3f\" style=\"margin-top:0px;margin-bottom:0px;padding-top:6.9vw;padding-bottom:7vw\"><div class=\"wp-block-group__inner-container is-layout-constrained wp-block-group-is-layout-constrained\">\n<div class=\"wp-block-columns alignwide is-layout-flex wp-container-core-columns-is-layout-9d6595d7 wp-block-columns-is-layout-flex\">\n<div class=\"wp-block-column is-layout-flow wp-block-column-is-layout-flow\" style=\"flex-basis:20%\">\n<h3 class=\"wp-block-heading has-white-color has-text-color has-medium-font-size\">Homecharger \/ Domestic Wallbox<\/h3>\n<\/div>\n\n\n\n<div class=\"wp-block-column is-layout-flow wp-block-column-is-layout-flow\" style=\"flex-basis:80%\">\n<div class=\"wp-block-columns is-layout-flex wp-container-core-columns-is-layout-9d6595d7 wp-block-columns-is-layout-flex\">\n<div class=\"wp-block-column is-layout-flow wp-block-column-is-layout-flow\">\n<figure class=\"wp-block-image size-full\"><img loading=\"lazy\" decoding=\"async\" width=\"656\" height=\"492\" src=\"https:\/\/www.psaierenergies.it\/wp-content\/uploads\/2023\/06\/Foto08.png\" alt=\"\" class=\"wp-image-3026\" srcset=\"https:\/\/www.psaierenergies.it\/wp-content\/uploads\/2023\/06\/Foto08.png 656w, https:\/\/www.psaierenergies.it\/wp-content\/uploads\/2023\/06\/Foto08-300x225.png 300w\" sizes=\"auto, (max-width: 656px) 100vw, 656px\" \/><\/figure>\n\n\n\n<p class=\"has-white-color has-text-color\" style=\"font-size:18px\"><\/p>\n\n\n\n<p><\/p>\n\n\n\n<p class=\"has-white-color has-text-color has-medium-font-size\"><\/p>\n<\/div>\n\n\n\n<div class=\"wp-block-column is-layout-flow wp-block-column-is-layout-flow\">\n<figure class=\"wp-block-image size-full\"><img loading=\"lazy\" decoding=\"async\" width=\"656\" height=\"492\" src=\"https:\/\/www.psaierenergies.it\/wp-content\/uploads\/2023\/06\/Foto011.png\" alt=\"\" class=\"wp-image-3033\" srcset=\"https:\/\/www.psaierenergies.it\/wp-content\/uploads\/2023\/06\/Foto011.png 656w, https:\/\/www.psaierenergies.it\/wp-content\/uploads\/2023\/06\/Foto011-300x225.png 300w\" sizes=\"auto, (max-width: 656px) 100vw, 656px\" \/><\/figure>\n\n\n\n<p><\/p>\n\n\n\n<p><\/p>\n\n\n\n<p class=\"has-white-color has-text-color has-medium-font-size\"><\/p>\n\n\n\n<p class=\"has-white-color has-text-color has-medium-font-size\"><figure class=\"wp-block-image size-full\"><\/figure><\/p>\n<\/div>\n<\/div>\n<\/div>\n<\/div>\n<\/div><\/div>\n\n\n\n<div class=\"wp-block-group alignfull has-white-color has-black-background-color has-text-color has-background\" style=\"margin-top:0px;margin-bottom:0px;padding-top:7vw;padding-bottom:7vw\"><div class=\"wp-block-group__inner-container is-layout-constrained wp-block-group-is-layout-constrained\">\n<div class=\"wp-block-columns alignwide are-vertically-aligned-center is-layout-flex wp-container-core-columns-is-layout-9d6595d7 wp-block-columns-is-layout-flex\">\n<div class=\"wp-block-column is-vertically-aligned-center is-layout-flow wp-block-column-is-layout-flow\" style=\"flex-basis:20%\">\n<figure class=\"wp-block-image size-full is-resized\"><img decoding=\"async\" src=\"https:\/\/www.psaierenergies.it\/wp-content\/uploads\/2024\/04\/icon-psairenergies.svg\" alt=\"\" class=\"wp-image-5963\" style=\"width:100px;height:auto\"\/><\/figure>\n<\/div>\n\n\n\n<div class=\"wp-block-column is-vertically-aligned-center is-layout-flow wp-block-column-is-layout-flow\" style=\"flex-basis:80%\">\n<h2 class=\"wp-block-heading has-white-color has-text-color has-x-large-font-size\">Costruiamo qualcosa di grande insieme.<\/h2>\n\n\n\n<div class=\"wp-block-buttons is-layout-flex wp-block-buttons-is-layout-flex\">\n<div class=\"wp-block-button\"><a class=\"wp-block-button__link has-black-color has-white-background-color has-text-color has-background wp-element-button\" href=\"https:\/\/www.psaierenergies.it\/it\/contatti\/\" target=\"_blank\" rel=\"# noopener\">prenota un appuntamento<\/a><\/div>\n<\/div>\n<\/div>\n<\/div>\n<\/div><\/div>\n","protected":false},"excerpt":{"rendered":"<p>Stazioni di ricarica per macchine elettriche aziendali &#8211; Approvvigionamento energetico efficiente per le vostre macchine elettriche Visualizza Sito Web Le nostre innovative stazioni di ricarica per veicoli elettrici stabiliscono nuovi standard in termini di autonomia, affidabilit\u00e0 e prestazioni. Puntiamo al futuro della mobilit\u00e0 elettrica e il nostro obiettivo principale \u00e8 garantire un&#8217;esperienza di guida continua&#8230; <\/p>\n<div class=\"link-more\"><a href=\"https:\/\/www.psaierenergies.it\/it\/benvenuti-nel-futuro-della-ricarica-green-energy\/\">Continua a leggere<\/a><\/div>\n","protected":false},"author":1,"featured_media":0,"parent":0,"menu_order":0,"comment_status":"closed","ping_status":"closed","template":"","meta":{"_acf_changed":false,"inline_featured_image":false,"footnotes":""},"class_list":["post-3087","page","type-page","status-publish","hentry"],"acf":[],"yoast_head":"<!-- This site is optimized with the Yoast SEO plugin v24.6 - https:\/\/yoast.com\/wordpress\/plugins\/seo\/ -->\n<title>Ricarica Auto Elettriche | Colonnine di Ricarica Psaier Energies<\/title>\n<meta name=\"description\" content=\"Scoprite le nostre stazioni di ricarica per auto elettriche alimentate da energia rinnovabile. Sempre pronte all&#039;uso! \u25ba Maggiori informazioni.\" \/>\n<meta name=\"robots\" content=\"index, follow, max-snippet:-1, max-image-preview:large, max-video-preview:-1\" \/>\n<link rel=\"canonical\" href=\"https:\/\/www.psaierenergies.it\/it\/benvenuti-nel-futuro-della-ricarica-green-energy\/\" \/>\n<meta property=\"og:locale\" content=\"it_IT\" \/>\n<meta property=\"og:type\" content=\"article\" \/>\n<meta property=\"og:title\" content=\"Ricarica Auto Elettriche | Colonnine di Ricarica Psaier Energies\" \/>\n<meta property=\"og:description\" content=\"Scoprite le nostre stazioni di ricarica per auto elettriche alimentate da energia rinnovabile. Sempre pronte all&#039;uso! \u25ba Maggiori informazioni.\" \/>\n<meta property=\"og:url\" content=\"https:\/\/www.psaierenergies.it\/it\/benvenuti-nel-futuro-della-ricarica-green-energy\/\" \/>\n<meta property=\"og:site_name\" content=\"psaier.energies\" \/>\n<meta property=\"article:modified_time\" content=\"2025-01-31T10:47:54+00:00\" \/>\n<meta property=\"og:image\" content=\"https:\/\/www.psaierenergies.it\/wp-content\/uploads\/2023\/08\/ITA-Unsere-revolutionare-Ladeinfrastruktur-1024x576.jpg\" \/>\n<meta name=\"twitter:card\" content=\"summary_large_image\" \/>\n<meta name=\"twitter:label1\" content=\"Tempo di lettura stimato\" \/>\n\t<meta name=\"twitter:data1\" content=\"4 minuti\" \/>\n<script type=\"application\/ld+json\" class=\"yoast-schema-graph\">{\"@context\":\"https:\/\/schema.org\",\"@graph\":[{\"@type\":\"WebPage\",\"@id\":\"https:\/\/www.psaierenergies.it\/it\/benvenuti-nel-futuro-della-ricarica-green-energy\/\",\"url\":\"https:\/\/www.psaierenergies.it\/it\/benvenuti-nel-futuro-della-ricarica-green-energy\/\",\"name\":\"Ricarica Auto Elettriche | Colonnine di Ricarica Psaier Energies\",\"isPartOf\":{\"@id\":\"https:\/\/www.psaierenergies.it\/it\/#website\"},\"primaryImageOfPage\":{\"@id\":\"https:\/\/www.psaierenergies.it\/it\/benvenuti-nel-futuro-della-ricarica-green-energy\/#primaryimage\"},\"image\":{\"@id\":\"https:\/\/www.psaierenergies.it\/it\/benvenuti-nel-futuro-della-ricarica-green-energy\/#primaryimage\"},\"thumbnailUrl\":\"https:\/\/www.psaierenergies.it\/wp-content\/uploads\/2023\/08\/ITA-Unsere-revolutionare-Ladeinfrastruktur-1024x576.jpg\",\"datePublished\":\"2023-06-22T10:20:49+00:00\",\"dateModified\":\"2025-01-31T10:47:54+00:00\",\"description\":\"Scoprite le nostre stazioni di ricarica per auto elettriche alimentate da energia rinnovabile. Sempre pronte all'uso! \u25ba Maggiori informazioni.\",\"breadcrumb\":{\"@id\":\"https:\/\/www.psaierenergies.it\/it\/benvenuti-nel-futuro-della-ricarica-green-energy\/#breadcrumb\"},\"inLanguage\":\"it-IT\",\"potentialAction\":[{\"@type\":\"ReadAction\",\"target\":[\"https:\/\/www.psaierenergies.it\/it\/benvenuti-nel-futuro-della-ricarica-green-energy\/\"]}]},{\"@type\":\"ImageObject\",\"inLanguage\":\"it-IT\",\"@id\":\"https:\/\/www.psaierenergies.it\/it\/benvenuti-nel-futuro-della-ricarica-green-energy\/#primaryimage\",\"url\":\"https:\/\/www.psaierenergies.it\/wp-content\/uploads\/2023\/08\/ITA-Unsere-revolutionare-Ladeinfrastruktur-1024x576.jpg\",\"contentUrl\":\"https:\/\/www.psaierenergies.it\/wp-content\/uploads\/2023\/08\/ITA-Unsere-revolutionare-Ladeinfrastruktur-1024x576.jpg\"},{\"@type\":\"BreadcrumbList\",\"@id\":\"https:\/\/www.psaierenergies.it\/it\/benvenuti-nel-futuro-della-ricarica-green-energy\/#breadcrumb\",\"itemListElement\":[{\"@type\":\"ListItem\",\"position\":1,\"name\":\"Startseite\",\"item\":\"https:\/\/www.psaierenergies.it\/it\/\"},{\"@type\":\"ListItem\",\"position\":2,\"name\":\"Benvenuti nel futuro della ricarica Green Energy!\"}]},{\"@type\":\"WebSite\",\"@id\":\"https:\/\/www.psaierenergies.it\/it\/#website\",\"url\":\"https:\/\/www.psaierenergies.it\/it\/\",\"name\":\"psaier.energies\",\"description\":\"\",\"publisher\":{\"@id\":\"https:\/\/www.psaierenergies.it\/it\/#organization\"},\"potentialAction\":[{\"@type\":\"SearchAction\",\"target\":{\"@type\":\"EntryPoint\",\"urlTemplate\":\"https:\/\/www.psaierenergies.it\/it\/?s={search_term_string}\"},\"query-input\":{\"@type\":\"PropertyValueSpecification\",\"valueRequired\":true,\"valueName\":\"search_term_string\"}}],\"inLanguage\":\"it-IT\"},{\"@type\":\"Organization\",\"@id\":\"https:\/\/www.psaierenergies.it\/it\/#organization\",\"name\":\"psaier.energies\",\"url\":\"https:\/\/www.psaierenergies.it\/it\/\",\"logo\":{\"@type\":\"ImageObject\",\"inLanguage\":\"it-IT\",\"@id\":\"https:\/\/www.psaierenergies.it\/it\/#\/schema\/logo\/image\/\",\"url\":\"https:\/\/www.psaierenergies.it\/wp-content\/uploads\/2023\/03\/cropped-cropped-logo01-1.png\",\"contentUrl\":\"https:\/\/www.psaierenergies.it\/wp-content\/uploads\/2023\/03\/cropped-cropped-logo01-1.png\",\"width\":600,\"height\":300,\"caption\":\"psaier.energies\"},\"image\":{\"@id\":\"https:\/\/www.psaierenergies.it\/it\/#\/schema\/logo\/image\/\"}}]}<\/script>\n<!-- \/ Yoast SEO plugin. -->","yoast_head_json":{"title":"Ricarica Auto Elettriche | Colonnine di Ricarica Psaier Energies","description":"Scoprite le nostre stazioni di ricarica per auto elettriche alimentate da energia rinnovabile. Sempre pronte all'uso! \u25ba Maggiori informazioni.","robots":{"index":"index","follow":"follow","max-snippet":"max-snippet:-1","max-image-preview":"max-image-preview:large","max-video-preview":"max-video-preview:-1"},"canonical":"https:\/\/www.psaierenergies.it\/it\/benvenuti-nel-futuro-della-ricarica-green-energy\/","og_locale":"it_IT","og_type":"article","og_title":"Ricarica Auto Elettriche | Colonnine di Ricarica Psaier Energies","og_description":"Scoprite le nostre stazioni di ricarica per auto elettriche alimentate da energia rinnovabile. Sempre pronte all'uso! \u25ba Maggiori informazioni.","og_url":"https:\/\/www.psaierenergies.it\/it\/benvenuti-nel-futuro-della-ricarica-green-energy\/","og_site_name":"psaier.energies","article_modified_time":"2025-01-31T10:47:54+00:00","og_image":[{"url":"https:\/\/www.psaierenergies.it\/wp-content\/uploads\/2023\/08\/ITA-Unsere-revolutionare-Ladeinfrastruktur-1024x576.jpg","type":"","width":"","height":""}],"twitter_card":"summary_large_image","twitter_misc":{"Tempo di lettura stimato":"4 minuti"},"schema":{"@context":"https:\/\/schema.org","@graph":[{"@type":"WebPage","@id":"https:\/\/www.psaierenergies.it\/it\/benvenuti-nel-futuro-della-ricarica-green-energy\/","url":"https:\/\/www.psaierenergies.it\/it\/benvenuti-nel-futuro-della-ricarica-green-energy\/","name":"Ricarica Auto Elettriche | Colonnine di Ricarica Psaier Energies","isPartOf":{"@id":"https:\/\/www.psaierenergies.it\/it\/#website"},"primaryImageOfPage":{"@id":"https:\/\/www.psaierenergies.it\/it\/benvenuti-nel-futuro-della-ricarica-green-energy\/#primaryimage"},"image":{"@id":"https:\/\/www.psaierenergies.it\/it\/benvenuti-nel-futuro-della-ricarica-green-energy\/#primaryimage"},"thumbnailUrl":"https:\/\/www.psaierenergies.it\/wp-content\/uploads\/2023\/08\/ITA-Unsere-revolutionare-Ladeinfrastruktur-1024x576.jpg","datePublished":"2023-06-22T10:20:49+00:00","dateModified":"2025-01-31T10:47:54+00:00","description":"Scoprite le nostre stazioni di ricarica per auto elettriche alimentate da energia rinnovabile. Sempre pronte all'uso! \u25ba Maggiori informazioni.","breadcrumb":{"@id":"https:\/\/www.psaierenergies.it\/it\/benvenuti-nel-futuro-della-ricarica-green-energy\/#breadcrumb"},"inLanguage":"it-IT","potentialAction":[{"@type":"ReadAction","target":["https:\/\/www.psaierenergies.it\/it\/benvenuti-nel-futuro-della-ricarica-green-energy\/"]}]},{"@type":"ImageObject","inLanguage":"it-IT","@id":"https:\/\/www.psaierenergies.it\/it\/benvenuti-nel-futuro-della-ricarica-green-energy\/#primaryimage","url":"https:\/\/www.psaierenergies.it\/wp-content\/uploads\/2023\/08\/ITA-Unsere-revolutionare-Ladeinfrastruktur-1024x576.jpg","contentUrl":"https:\/\/www.psaierenergies.it\/wp-content\/uploads\/2023\/08\/ITA-Unsere-revolutionare-Ladeinfrastruktur-1024x576.jpg"},{"@type":"BreadcrumbList","@id":"https:\/\/www.psaierenergies.it\/it\/benvenuti-nel-futuro-della-ricarica-green-energy\/#breadcrumb","itemListElement":[{"@type":"ListItem","position":1,"name":"Startseite","item":"https:\/\/www.psaierenergies.it\/it\/"},{"@type":"ListItem","position":2,"name":"Benvenuti nel futuro della ricarica Green Energy!"}]},{"@type":"WebSite","@id":"https:\/\/www.psaierenergies.it\/it\/#website","url":"https:\/\/www.psaierenergies.it\/it\/","name":"psaier.energies","description":"","publisher":{"@id":"https:\/\/www.psaierenergies.it\/it\/#organization"},"potentialAction":[{"@type":"SearchAction","target":{"@type":"EntryPoint","urlTemplate":"https:\/\/www.psaierenergies.it\/it\/?s={search_term_string}"},"query-input":{"@type":"PropertyValueSpecification","valueRequired":true,"valueName":"search_term_string"}}],"inLanguage":"it-IT"},{"@type":"Organization","@id":"https:\/\/www.psaierenergies.it\/it\/#organization","name":"psaier.energies","url":"https:\/\/www.psaierenergies.it\/it\/","logo":{"@type":"ImageObject","inLanguage":"it-IT","@id":"https:\/\/www.psaierenergies.it\/it\/#\/schema\/logo\/image\/","url":"https:\/\/www.psaierenergies.it\/wp-content\/uploads\/2023\/03\/cropped-cropped-logo01-1.png","contentUrl":"https:\/\/www.psaierenergies.it\/wp-content\/uploads\/2023\/03\/cropped-cropped-logo01-1.png","width":600,"height":300,"caption":"psaier.energies"},"image":{"@id":"https:\/\/www.psaierenergies.it\/it\/#\/schema\/logo\/image\/"}}]}},"_links":{"self":[{"href":"https:\/\/www.psaierenergies.it\/it\/wp-json\/wp\/v2\/pages\/3087","targetHints":{"allow":["GET"]}}],"collection":[{"href":"https:\/\/www.psaierenergies.it\/it\/wp-json\/wp\/v2\/pages"}],"about":[{"href":"https:\/\/www.psaierenergies.it\/it\/wp-json\/wp\/v2\/types\/page"}],"author":[{"embeddable":true,"href":"https:\/\/www.psaierenergies.it\/it\/wp-json\/wp\/v2\/users\/1"}],"replies":[{"embeddable":true,"href":"https:\/\/www.psaierenergies.it\/it\/wp-json\/wp\/v2\/comments?post=3087"}],"version-history":[{"count":22,"href":"https:\/\/www.psaierenergies.it\/it\/wp-json\/wp\/v2\/pages\/3087\/revisions"}],"predecessor-version":[{"id":6317,"href":"https:\/\/www.psaierenergies.it\/it\/wp-json\/wp\/v2\/pages\/3087\/revisions\/6317"}],"wp:attachment":[{"href":"https:\/\/www.psaierenergies.it\/it\/wp-json\/wp\/v2\/media?parent=3087"}],"curies":[{"name":"wp","href":"https:\/\/api.w.org\/{rel}","templated":true}]}}