{"id":5133,"date":"2024-01-15T11:41:12","date_gmt":"2024-01-15T11:41:12","guid":{"rendered":"https:\/\/www.psaierenergies.it\/?page_id=5133"},"modified":"2025-04-02T10:55:25","modified_gmt":"2025-04-02T10:55:25","slug":"cosa-offriamo","status":"publish","type":"page","link":"https:\/\/www.psaierenergies.it\/it\/cosa-offriamo\/","title":{"rendered":"Cosa offriamo"},"content":{"rendered":"\n<p><\/p>\n\n\n\n<p><strong>La nostra offerta<\/strong><\/p>\n\n\n\n<p>Se siete alla ricerca di soluzioni sostenibili nel settore energetico, psaier.energies offre servizi integrati lungo l&#8217;intera catena del valore in questo specifico settore. Dal 2001, la societ\u00e0 attiva a livello internazionale con sede a Bressanone (Alto Adige), aiuta i propri clienti a realizzare progetti energetici efficienti e orientati al futuro.<\/p>\n\n\n\n<p><strong>Le nostre prestazioni si rivolgono a:<\/strong><\/p>\n\n\n\n<h2 class=\"wp-block-heading\"><strong>Aziende di medie dimensioni<\/strong><\/h2>\n\n\n\n<p>Sviluppo di strategie di trading orientate al mercato e all&#8217;acquisto ottimizzato di energia da fonti rinnovabili per aziende con elevati consumi energetici &#8211; con rischi limitati e massimi rendimenti. Grazie alla presenza su tutte le principali piattaforme di trading, le aziende possono operare in modo flessibile ed efficiente sul mercato dell&#8217;energia.<br><em><strong><a href=\"https:\/\/www.psaierenergies.it\/it\/aziende-di-medie-dimensioni\/\" target=\"_blank\" rel=\"noreferrer noopener\">Maggiori informazioni<\/a><\/strong><\/em><\/p>\n\n\n\n<h2 class=\"wp-block-heading\"><strong>Utility<\/strong><\/h2>\n\n\n\n<p>Gestione completa dei processi amministrativi per distributori (utility) e i consorzi, incluso smart-metering, infrastruttura IT, fatturazione, stampa e invio delle fatture.<br><em><strong><a href=\"https:\/\/www.psaierenergies.it\/it\/utility\/\" target=\"_blank\" rel=\"noreferrer noopener\">Maggiori informazioni<\/a><\/strong><\/em><\/p>\n\n\n\n<h2 class=\"wp-block-heading\"><strong>Investimenti in energie rinnovabili<\/strong><\/h2>\n\n\n\n<p>Supporto completo &#8211; dalla ricerca del sito, alla pianificazione del progetto e progettazione tecnica, fino al finanziamento e alla commercializzazione dell&#8217;energia elettrica. Grazie ad un know-how completo ed a soluzioni personalizzate, psaier.energies supporta i propri clienti in ogni fase del progetto, al fine di realizzare progetti energetici sostenibili ed economicamente performanti.<br><em><strong><a href=\"https:\/\/www.psaierenergies.it\/it\/investment\/\" target=\"_blank\" rel=\"noreferrer noopener\">Maggiori informazioni<\/a><\/strong><\/em><\/p>\n\n\n\n<h2 class=\"wp-block-heading\"><strong>Engineering<\/strong><\/h2>\n\n\n\n<p>Offriamo un servizio di ingegneria completo nel settore dell&#8217;energia, che comprende lo sviluppo del progetto, la pianificazione, la gestione della costruzione e la fatturazione. Vi supportiamo anche con studi, concepts, analisi di redditivit\u00e0, connessioni alla rete, sdoganamento e collaborazione con Terna e GSE.<br><em><strong><a href=\"https:\/\/www.psaierenergies.it\/it\/engineering\/\" target=\"_blank\" rel=\"noreferrer noopener\">Maggiori informazioni<\/a><\/strong><\/em><\/p>\n\n\n\n<p><\/p>\n","protected":false},"excerpt":{"rendered":"<p>La nostra offerta Se siete alla ricerca di soluzioni sostenibili nel settore energetico, psaier.energies offre servizi integrati lungo l&#8217;intera catena del valore in questo specifico settore. Dal 2001, la societ\u00e0 attiva a livello internazionale con sede a Bressanone (Alto Adige), aiuta i propri clienti a realizzare progetti energetici efficienti e orientati al futuro. Le nostre&#8230; <\/p>\n<div class=\"link-more\"><a href=\"https:\/\/www.psaierenergies.it\/it\/cosa-offriamo\/\">Continua a leggere<\/a><\/div>\n","protected":false},"author":1,"featured_media":0,"parent":0,"menu_order":0,"comment_status":"closed","ping_status":"closed","template":"","meta":{"_acf_changed":false,"inline_featured_image":false,"footnotes":""},"class_list":["post-5133","page","type-page","status-publish","hentry"],"acf":[],"yoast_head":"<!-- This site is optimized with the Yoast SEO plugin v24.6 - https:\/\/yoast.com\/wordpress\/plugins\/seo\/ -->\n<title>Cosa offriamo - psaier.energies<\/title>\n<meta name=\"description\" content=\"I nostri valori in Psaier.energies sono chiaramente definiti: sostenibilit\u00e0, redditivit\u00e0 e onest\u00e0, unitamente a professionalit\u00e0, rappresentano la base su cui poggia il nostro successo.\" \/>\n<meta name=\"robots\" content=\"index, follow, max-snippet:-1, max-image-preview:large, max-video-preview:-1\" \/>\n<link rel=\"canonical\" href=\"https:\/\/www.psaierenergies.it\/it\/cosa-offriamo\/\" \/>\n<meta property=\"og:locale\" content=\"it_IT\" \/>\n<meta property=\"og:type\" content=\"article\" \/>\n<meta property=\"og:title\" content=\"Cosa offriamo - psaier.energies\" \/>\n<meta property=\"og:description\" content=\"I nostri valori in Psaier.energies sono chiaramente definiti: sostenibilit\u00e0, redditivit\u00e0 e onest\u00e0, unitamente a professionalit\u00e0, rappresentano la base su cui poggia il nostro successo.\" \/>\n<meta property=\"og:url\" content=\"https:\/\/www.psaierenergies.it\/it\/cosa-offriamo\/\" \/>\n<meta property=\"og:site_name\" content=\"psaier.energies\" \/>\n<meta property=\"article:modified_time\" content=\"2025-04-02T10:55:25+00:00\" \/>\n<meta name=\"twitter:card\" content=\"summary_large_image\" \/>\n<meta name=\"twitter:label1\" content=\"Tempo di lettura stimato\" \/>\n\t<meta name=\"twitter:data1\" content=\"2 minuti\" \/>\n<script type=\"application\/ld+json\" class=\"yoast-schema-graph\">{\"@context\":\"https:\/\/schema.org\",\"@graph\":[{\"@type\":\"WebPage\",\"@id\":\"https:\/\/www.psaierenergies.it\/it\/cosa-offriamo\/\",\"url\":\"https:\/\/www.psaierenergies.it\/it\/cosa-offriamo\/\",\"name\":\"Cosa offriamo - psaier.energies\",\"isPartOf\":{\"@id\":\"https:\/\/www.psaierenergies.it\/it\/#website\"},\"datePublished\":\"2024-01-15T11:41:12+00:00\",\"dateModified\":\"2025-04-02T10:55:25+00:00\",\"description\":\"I nostri valori in Psaier.energies sono chiaramente definiti: sostenibilit\u00e0, redditivit\u00e0 e onest\u00e0, unitamente a professionalit\u00e0, rappresentano la base su cui poggia il nostro successo.\",\"breadcrumb\":{\"@id\":\"https:\/\/www.psaierenergies.it\/it\/cosa-offriamo\/#breadcrumb\"},\"inLanguage\":\"it-IT\",\"potentialAction\":[{\"@type\":\"ReadAction\",\"target\":[\"https:\/\/www.psaierenergies.it\/it\/cosa-offriamo\/\"]}]},{\"@type\":\"BreadcrumbList\",\"@id\":\"https:\/\/www.psaierenergies.it\/it\/cosa-offriamo\/#breadcrumb\",\"itemListElement\":[{\"@type\":\"ListItem\",\"position\":1,\"name\":\"Startseite\",\"item\":\"https:\/\/www.psaierenergies.it\/it\/\"},{\"@type\":\"ListItem\",\"position\":2,\"name\":\"Cosa offriamo\"}]},{\"@type\":\"WebSite\",\"@id\":\"https:\/\/www.psaierenergies.it\/it\/#website\",\"url\":\"https:\/\/www.psaierenergies.it\/it\/\",\"name\":\"psaier.energies\",\"description\":\"\",\"publisher\":{\"@id\":\"https:\/\/www.psaierenergies.it\/it\/#organization\"},\"potentialAction\":[{\"@type\":\"SearchAction\",\"target\":{\"@type\":\"EntryPoint\",\"urlTemplate\":\"https:\/\/www.psaierenergies.it\/it\/?s={search_term_string}\"},\"query-input\":{\"@type\":\"PropertyValueSpecification\",\"valueRequired\":true,\"valueName\":\"search_term_string\"}}],\"inLanguage\":\"it-IT\"},{\"@type\":\"Organization\",\"@id\":\"https:\/\/www.psaierenergies.it\/it\/#organization\",\"name\":\"psaier.energies\",\"url\":\"https:\/\/www.psaierenergies.it\/it\/\",\"logo\":{\"@type\":\"ImageObject\",\"inLanguage\":\"it-IT\",\"@id\":\"https:\/\/www.psaierenergies.it\/it\/#\/schema\/logo\/image\/\",\"url\":\"https:\/\/www.psaierenergies.it\/wp-content\/uploads\/2023\/03\/cropped-cropped-logo01-1.png\",\"contentUrl\":\"https:\/\/www.psaierenergies.it\/wp-content\/uploads\/2023\/03\/cropped-cropped-logo01-1.png\",\"width\":600,\"height\":300,\"caption\":\"psaier.energies\"},\"image\":{\"@id\":\"https:\/\/www.psaierenergies.it\/it\/#\/schema\/logo\/image\/\"}}]}<\/script>\n<!-- \/ Yoast SEO plugin. -->","yoast_head_json":{"title":"Cosa offriamo - psaier.energies","description":"I nostri valori in Psaier.energies sono chiaramente definiti: sostenibilit\u00e0, redditivit\u00e0 e onest\u00e0, unitamente a professionalit\u00e0, rappresentano la base su cui poggia il nostro successo.","robots":{"index":"index","follow":"follow","max-snippet":"max-snippet:-1","max-image-preview":"max-image-preview:large","max-video-preview":"max-video-preview:-1"},"canonical":"https:\/\/www.psaierenergies.it\/it\/cosa-offriamo\/","og_locale":"it_IT","og_type":"article","og_title":"Cosa offriamo - psaier.energies","og_description":"I nostri valori in Psaier.energies sono chiaramente definiti: sostenibilit\u00e0, redditivit\u00e0 e onest\u00e0, unitamente a professionalit\u00e0, rappresentano la base su cui poggia il nostro successo.","og_url":"https:\/\/www.psaierenergies.it\/it\/cosa-offriamo\/","og_site_name":"psaier.energies","article_modified_time":"2025-04-02T10:55:25+00:00","twitter_card":"summary_large_image","twitter_misc":{"Tempo di lettura stimato":"2 minuti"},"schema":{"@context":"https:\/\/schema.org","@graph":[{"@type":"WebPage","@id":"https:\/\/www.psaierenergies.it\/it\/cosa-offriamo\/","url":"https:\/\/www.psaierenergies.it\/it\/cosa-offriamo\/","name":"Cosa offriamo - psaier.energies","isPartOf":{"@id":"https:\/\/www.psaierenergies.it\/it\/#website"},"datePublished":"2024-01-15T11:41:12+00:00","dateModified":"2025-04-02T10:55:25+00:00","description":"I nostri valori in Psaier.energies sono chiaramente definiti: sostenibilit\u00e0, redditivit\u00e0 e onest\u00e0, unitamente a professionalit\u00e0, rappresentano la base su cui poggia il nostro successo.","breadcrumb":{"@id":"https:\/\/www.psaierenergies.it\/it\/cosa-offriamo\/#breadcrumb"},"inLanguage":"it-IT","potentialAction":[{"@type":"ReadAction","target":["https:\/\/www.psaierenergies.it\/it\/cosa-offriamo\/"]}]},{"@type":"BreadcrumbList","@id":"https:\/\/www.psaierenergies.it\/it\/cosa-offriamo\/#breadcrumb","itemListElement":[{"@type":"ListItem","position":1,"name":"Startseite","item":"https:\/\/www.psaierenergies.it\/it\/"},{"@type":"ListItem","position":2,"name":"Cosa offriamo"}]},{"@type":"WebSite","@id":"https:\/\/www.psaierenergies.it\/it\/#website","url":"https:\/\/www.psaierenergies.it\/it\/","name":"psaier.energies","description":"","publisher":{"@id":"https:\/\/www.psaierenergies.it\/it\/#organization"},"potentialAction":[{"@type":"SearchAction","target":{"@type":"EntryPoint","urlTemplate":"https:\/\/www.psaierenergies.it\/it\/?s={search_term_string}"},"query-input":{"@type":"PropertyValueSpecification","valueRequired":true,"valueName":"search_term_string"}}],"inLanguage":"it-IT"},{"@type":"Organization","@id":"https:\/\/www.psaierenergies.it\/it\/#organization","name":"psaier.energies","url":"https:\/\/www.psaierenergies.it\/it\/","logo":{"@type":"ImageObject","inLanguage":"it-IT","@id":"https:\/\/www.psaierenergies.it\/it\/#\/schema\/logo\/image\/","url":"https:\/\/www.psaierenergies.it\/wp-content\/uploads\/2023\/03\/cropped-cropped-logo01-1.png","contentUrl":"https:\/\/www.psaierenergies.it\/wp-content\/uploads\/2023\/03\/cropped-cropped-logo01-1.png","width":600,"height":300,"caption":"psaier.energies"},"image":{"@id":"https:\/\/www.psaierenergies.it\/it\/#\/schema\/logo\/image\/"}}]}},"_links":{"self":[{"href":"https:\/\/www.psaierenergies.it\/it\/wp-json\/wp\/v2\/pages\/5133","targetHints":{"allow":["GET"]}}],"collection":[{"href":"https:\/\/www.psaierenergies.it\/it\/wp-json\/wp\/v2\/pages"}],"about":[{"href":"https:\/\/www.psaierenergies.it\/it\/wp-json\/wp\/v2\/types\/page"}],"author":[{"embeddable":true,"href":"https:\/\/www.psaierenergies.it\/it\/wp-json\/wp\/v2\/users\/1"}],"replies":[{"embeddable":true,"href":"https:\/\/www.psaierenergies.it\/it\/wp-json\/wp\/v2\/comments?post=5133"}],"version-history":[{"count":18,"href":"https:\/\/www.psaierenergies.it\/it\/wp-json\/wp\/v2\/pages\/5133\/revisions"}],"predecessor-version":[{"id":6586,"href":"https:\/\/www.psaierenergies.it\/it\/wp-json\/wp\/v2\/pages\/5133\/revisions\/6586"}],"wp:attachment":[{"href":"https:\/\/www.psaierenergies.it\/it\/wp-json\/wp\/v2\/media?parent=5133"}],"curies":[{"name":"wp","href":"https:\/\/api.w.org\/{rel}","templated":true}]}}